{"id":1021,"date":"2023-09-21T15:12:23","date_gmt":"2023-09-21T15:12:23","guid":{"rendered":"https:\/\/www.ahmetaslansoy.com.tr\/news\/"},"modified":"2024-02-12T17:46:03","modified_gmt":"2024-02-12T17:46:03","slug":"news","status":"publish","type":"page","link":"https:\/\/www.ahmetaslansoy.com.tr\/en\/news\/","title":{"rendered":"News"},"content":{"rendered":"\t\t<div data-elementor-type=\"wp-page\" data-elementor-id=\"1021\" class=\"elementor elementor-1021 elementor-374\" data-elementor-post-type=\"page\">\n\t\t\t\t\t\t\t\t\t<section class=\"elementor-section elementor-top-section elementor-element elementor-element-10167cce elementor-section-boxed elementor-section-height-default elementor-section-height-default\" data-id=\"10167cce\" data-element_type=\"section\" data-settings=\"{&quot;background_background&quot;:&quot;classic&quot;}\">\n\t\t\t\t\t\t\t<div class=\"elementor-background-overlay\"><\/div>\n\t\t\t\t\t\t\t<div class=\"elementor-container elementor-column-gap-default\">\n\t\t\t\t\t<div class=\"elementor-column elementor-col-100 elementor-top-column elementor-element elementor-element-5fea3fb6\" data-id=\"5fea3fb6\" data-element_type=\"column\">\n\t\t\t<div class=\"elementor-widget-wrap elementor-element-populated\">\n\t\t\t\t\t\t\t\t<div class=\"elementor-element elementor-element-4adb5493 elementor-invisible elementor-widget elementor-widget-heading\" data-id=\"4adb5493\" data-element_type=\"widget\" data-settings=\"{&quot;_animation&quot;:&quot;fadeInUp&quot;}\" data-widget_type=\"heading.default\">\n\t\t\t\t<div class=\"elementor-widget-container\">\n\t\t\t<style>\/*! elementor - v3.16.0 - 14-09-2023 *\/\n.elementor-heading-title{padding:0;margin:0;line-height:1}.elementor-widget-heading .elementor-heading-title[class*=elementor-size-]>a{color:inherit;font-size:inherit;line-height:inherit}.elementor-widget-heading .elementor-heading-title.elementor-size-small{font-size:15px}.elementor-widget-heading .elementor-heading-title.elementor-size-medium{font-size:19px}.elementor-widget-heading .elementor-heading-title.elementor-size-large{font-size:29px}.elementor-widget-heading .elementor-heading-title.elementor-size-xl{font-size:39px}.elementor-widget-heading .elementor-heading-title.elementor-size-xxl{font-size:59px}<\/style><h1 class=\"elementor-heading-title elementor-size-default\">News<\/h1>\t\t<\/div>\n\t\t\t\t<\/div>\n\t\t\t\t\t<\/div>\n\t\t<\/div>\n\t\t\t\t\t\t\t<\/div>\n\t\t<\/section>\n\t\t\t\t<section class=\"elementor-section elementor-top-section elementor-element elementor-element-1d6f7419 elementor-section-boxed elementor-section-height-default elementor-section-height-default\" data-id=\"1d6f7419\" data-element_type=\"section\">\n\t\t\t\t\t\t<div class=\"elementor-container elementor-column-gap-default\">\n\t\t\t\t\t<div class=\"elementor-column elementor-col-100 elementor-top-column elementor-element elementor-element-5f99067c\" data-id=\"5f99067c\" data-element_type=\"column\">\n\t\t\t<div class=\"elementor-widget-wrap elementor-element-populated\">\n\t\t\t\t\t\t\t\t<div class=\"elementor-element elementor-element-e3ec552 elementor-widget elementor-widget-elementskit-blog-posts\" data-id=\"e3ec552\" data-element_type=\"widget\" data-widget_type=\"elementskit-blog-posts.default\">\n\t\t\t\t<div class=\"elementor-widget-container\">\n\t\t\t<div class=\"ekit-wid-con\" >        <div id=\"post-items--e3ec552\" class=\"row post-items\">\n                <\/div>\n       <\/div>\t\t<\/div>\n\t\t\t\t<\/div>\n\t\t\t\t\t<\/div>\n\t\t<\/div>\n\t\t\t\t\t\t\t<\/div>\n\t\t<\/section>\n\t\t\t\t\t\t\t<\/div>\n\t\t","protected":false},"excerpt":{"rendered":"<p>News Kurumsal \u0130nternet Sitemiz Yenilendi Sevgili ziyaret\u00e7ilerimiz, Sizlere b\u00fcy\u00fck bir mutlulukla duyurmak isteriz ki, websitemizi yeniledik! Yepyeni tasar\u0131m\u0131m\u0131z ve \u00f6zelliklerimizle sizlere daha iyi hizmet sunmak i\u00e7in \u00e7al\u0131\u015ft\u0131k ve sonunda yeni sitemizi sizlerle bulu\u015fturman\u0131n gururunu ya\u015f\u0131yoruz. News Read Kurumsal \u0130nternet Sitemiz Yenilendi Sevgili ziyaret\u00e7ilerimiz, Sizlere b\u00fcy\u00fck bir mutlulukla duyurmak isteriz ki, websitemizi yeniledik! Yepyeni tasar\u0131m\u0131m\u0131z ve [&hellip;]<\/p>\n","protected":false},"author":1,"featured_media":0,"parent":0,"menu_order":0,"comment_status":"closed","ping_status":"closed","template":"","meta":{"footnotes":""},"class_list":["post-1021","page","type-page","status-publish","hentry"],"_links":{"self":[{"href":"https:\/\/www.ahmetaslansoy.com.tr\/en\/wp-json\/wp\/v2\/pages\/1021","targetHints":{"allow":["GET"]}}],"collection":[{"href":"https:\/\/www.ahmetaslansoy.com.tr\/en\/wp-json\/wp\/v2\/pages"}],"about":[{"href":"https:\/\/www.ahmetaslansoy.com.tr\/en\/wp-json\/wp\/v2\/types\/page"}],"author":[{"embeddable":true,"href":"https:\/\/www.ahmetaslansoy.com.tr\/en\/wp-json\/wp\/v2\/users\/1"}],"replies":[{"embeddable":true,"href":"https:\/\/www.ahmetaslansoy.com.tr\/en\/wp-json\/wp\/v2\/comments?post=1021"}],"version-history":[{"count":1,"href":"https:\/\/www.ahmetaslansoy.com.tr\/en\/wp-json\/wp\/v2\/pages\/1021\/revisions"}],"predecessor-version":[{"id":1022,"href":"https:\/\/www.ahmetaslansoy.com.tr\/en\/wp-json\/wp\/v2\/pages\/1021\/revisions\/1022"}],"wp:attachment":[{"href":"https:\/\/www.ahmetaslansoy.com.tr\/en\/wp-json\/wp\/v2\/media?parent=1021"}],"curies":[{"name":"wp","href":"https:\/\/api.w.org\/{rel}","templated":true}]}}